{"id":102,"date":"2024-10-17T09:26:41","date_gmt":"2024-10-17T09:26:41","guid":{"rendered":"https:\/\/rebberg-niederwil-cham.ch\/?page_id=102"},"modified":"2025-11-11T08:42:02","modified_gmt":"2025-11-11T08:42:02","slug":"ueber-uns","status":"publish","type":"page","link":"https:\/\/rebberg-niederwil-cham.ch\/index.php\/ueber-uns\/","title":{"rendered":"\u00fcber uns"},"content":{"rendered":"\t\t<div data-elementor-type=\"wp-page\" data-elementor-id=\"102\" class=\"elementor elementor-102\">\n\t\t\t\t<div class=\"elementor-element elementor-element-ebf2133 e-flex e-con-boxed e-con e-parent\" data-id=\"ebf2133\" data-element_type=\"container\" data-e-type=\"container\">\n\t\t\t\t\t<div class=\"e-con-inner\">\n\t\t\t\t<div class=\"elementor-element elementor-element-42ac6a7 elementor-widget elementor-widget-image\" data-id=\"42ac6a7\" data-element_type=\"widget\" data-e-type=\"widget\" data-widget_type=\"image.default\">\n\t\t\t\t<div class=\"elementor-widget-container\">\n\t\t\t\t\t\t\t\t\t\t\t\t\t\t\t<img fetchpriority=\"high\" decoding=\"async\" width=\"768\" height=\"768\" src=\"https:\/\/rebberg-niederwil-cham.ch\/wp-content\/uploads\/2024\/10\/Foto02_2024-768x768.jpg\" class=\"attachment-medium_large size-medium_large wp-image-107\" alt=\"\" srcset=\"https:\/\/rebberg-niederwil-cham.ch\/wp-content\/uploads\/2024\/10\/Foto02_2024-768x768.jpg 768w, https:\/\/rebberg-niederwil-cham.ch\/wp-content\/uploads\/2024\/10\/Foto02_2024-300x300.jpg 300w, https:\/\/rebberg-niederwil-cham.ch\/wp-content\/uploads\/2024\/10\/Foto02_2024-1024x1024.jpg 1024w, https:\/\/rebberg-niederwil-cham.ch\/wp-content\/uploads\/2024\/10\/Foto02_2024-150x150.jpg 150w, https:\/\/rebberg-niederwil-cham.ch\/wp-content\/uploads\/2024\/10\/Foto02_2024-1536x1536.jpg 1536w, https:\/\/rebberg-niederwil-cham.ch\/wp-content\/uploads\/2024\/10\/Foto02_2024.jpg 2000w\" sizes=\"(max-width: 768px) 100vw, 768px\" \/>\t\t\t\t\t\t\t\t\t\t\t\t\t\t\t<\/div>\n\t\t\t\t<\/div>\n\t\t\t\t\t<\/div>\n\t\t\t\t<\/div>\n\t\t<div class=\"elementor-element elementor-element-19d6f0a e-flex e-con-boxed e-con e-parent\" data-id=\"19d6f0a\" data-element_type=\"container\" data-e-type=\"container\">\n\t\t\t\t\t<div class=\"e-con-inner\">\n\t\t\t\t<div class=\"elementor-element elementor-element-f29a434 elementor-widget elementor-widget-text-editor\" data-id=\"f29a434\" data-element_type=\"widget\" data-e-type=\"widget\" data-widget_type=\"text-editor.default\">\n\t\t\t\t<div class=\"elementor-widget-container\">\n\t\t\t\t\t\t\t\t\t<p>Bei uns packt die ganze Familie tatkr\u00e4ftig im Rebberg an.<\/p>\t\t\t\t\t\t\t\t<\/div>\n\t\t\t\t<\/div>\n\t\t\t\t\t<\/div>\n\t\t\t\t<\/div>\n\t\t<div class=\"elementor-element elementor-element-f64f606 e-flex e-con-boxed e-con e-parent\" data-id=\"f64f606\" data-element_type=\"container\" data-e-type=\"container\">\n\t\t\t\t\t<div class=\"e-con-inner\">\n\t\t\t\t<div class=\"elementor-element elementor-element-33d8313 elementor-widget elementor-widget-image\" data-id=\"33d8313\" data-element_type=\"widget\" data-e-type=\"widget\" data-widget_type=\"image.default\">\n\t\t\t\t<div class=\"elementor-widget-container\">\n\t\t\t\t\t\t\t\t\t\t\t\t\t\t\t<img decoding=\"async\" width=\"768\" height=\"512\" src=\"https:\/\/rebberg-niederwil-cham.ch\/wp-content\/uploads\/2025\/11\/03-768x512.jpg\" class=\"attachment-medium_large size-medium_large wp-image-655\" alt=\"\" srcset=\"https:\/\/rebberg-niederwil-cham.ch\/wp-content\/uploads\/2025\/11\/03-768x512.jpg 768w, https:\/\/rebberg-niederwil-cham.ch\/wp-content\/uploads\/2025\/11\/03-300x200.jpg 300w, https:\/\/rebberg-niederwil-cham.ch\/wp-content\/uploads\/2025\/11\/03-1024x683.jpg 1024w, https:\/\/rebberg-niederwil-cham.ch\/wp-content\/uploads\/2025\/11\/03-1536x1024.jpg 1536w, https:\/\/rebberg-niederwil-cham.ch\/wp-content\/uploads\/2025\/11\/03-2048x1365.jpg 2048w\" sizes=\"(max-width: 768px) 100vw, 768px\" \/>\t\t\t\t\t\t\t\t\t\t\t\t\t\t\t<\/div>\n\t\t\t\t<\/div>\n\t\t\t\t\t<\/div>\n\t\t\t\t<\/div>\n\t\t<div class=\"elementor-element elementor-element-c40b23f e-flex e-con-boxed e-con e-parent\" data-id=\"c40b23f\" data-element_type=\"container\" data-e-type=\"container\">\n\t\t\t\t\t<div class=\"e-con-inner\">\n\t\t\t\t<div class=\"elementor-element elementor-element-8172e89 elementor-widget elementor-widget-text-editor\" data-id=\"8172e89\" data-element_type=\"widget\" data-e-type=\"widget\" data-widget_type=\"text-editor.default\">\n\t\t\t\t<div class=\"elementor-widget-container\">\n\t\t\t\t\t\t\t\t\t<h3>Unser Bio-Rebberg<\/h3>\n<p>Als wir 2015 unsere ersten Reben setzten, dachten wir, dass die Zeit reif war f\u00fcr neue Sorten. Wir entschieden uns f\u00fcr neue, &#8222;gr\u00fcnere&#8220; Rebsorten, den sogenannten PIWI-Sorten. Diese sind wesentlich Pilzwiderstandsf\u00e4higer.<\/p>\n<p>Diverse Kreuzungen aus resistenten und historischen Sorten ergaben Rebensorten, die deutlich robuster gegen diverse Krankheiten sind. Weiter kommen sie auch gut mit den sich ver\u00e4ndernden, klimatischen Bedingungen in unserer Region zurecht.<\/p>\n<p>Mit diesen neuen Z\u00fcchtungen gedeihen in unserem ein Hektar grossen Rebberg Weine mit \u00fcberdurchschnittlicher Qualit\u00e4t, dies bei wesentlich geringerem Einsatz von Bio-Pflanzenschutzmittel.<\/p>\n<p>Der Anbau dieser Reben ist f\u00fcr uns Herzenssache. Konsequenterweise tr\u00e4gt unser Streben nach einem maximal nachhaltigen Weinbau und unsere Arbeitsweise im wahrsten Sinne Fr\u00fcchte.<\/p>\n<p><\/p>\t\t\t\t\t\t\t\t<\/div>\n\t\t\t\t<\/div>\n\t\t\t\t\t<\/div>\n\t\t\t\t<\/div>\n\t\t<div class=\"elementor-element elementor-element-ee02140 e-flex e-con-boxed e-con e-parent\" data-id=\"ee02140\" data-element_type=\"container\" data-e-type=\"container\">\n\t\t\t\t\t<div class=\"e-con-inner\">\n\t\t\t\t<div class=\"elementor-element elementor-element-01203da elementor-widget-divider--view-line elementor-widget elementor-widget-divider\" data-id=\"01203da\" data-element_type=\"widget\" data-e-type=\"widget\" data-widget_type=\"divider.default\">\n\t\t\t\t<div class=\"elementor-widget-container\">\n\t\t\t\t\t\t\t<div class=\"elementor-divider\">\n\t\t\t<span class=\"elementor-divider-separator\">\n\t\t\t\t\t\t<\/span>\n\t\t<\/div>\n\t\t\t\t\t\t<\/div>\n\t\t\t\t<\/div>\n\t\t\t\t\t<\/div>\n\t\t\t\t<\/div>\n\t\t\t\t<\/div>\n\t\t","protected":false},"excerpt":{"rendered":"<p>Bei uns packt die ganze Familie tatkr\u00e4ftig im Rebberg an. Unser Bio-Rebberg Als wir 2015 unsere ersten Reben setzten, dachten wir, dass die Zeit reif&hellip;<\/p>\n","protected":false},"author":1,"featured_media":0,"parent":0,"menu_order":0,"comment_status":"closed","ping_status":"closed","template":"","meta":{"footnotes":""},"class_list":["post-102","page","type-page","status-publish","hentry"],"_links":{"self":[{"href":"https:\/\/rebberg-niederwil-cham.ch\/index.php\/wp-json\/wp\/v2\/pages\/102","targetHints":{"allow":["GET"]}}],"collection":[{"href":"https:\/\/rebberg-niederwil-cham.ch\/index.php\/wp-json\/wp\/v2\/pages"}],"about":[{"href":"https:\/\/rebberg-niederwil-cham.ch\/index.php\/wp-json\/wp\/v2\/types\/page"}],"author":[{"embeddable":true,"href":"https:\/\/rebberg-niederwil-cham.ch\/index.php\/wp-json\/wp\/v2\/users\/1"}],"replies":[{"embeddable":true,"href":"https:\/\/rebberg-niederwil-cham.ch\/index.php\/wp-json\/wp\/v2\/comments?post=102"}],"version-history":[{"count":31,"href":"https:\/\/rebberg-niederwil-cham.ch\/index.php\/wp-json\/wp\/v2\/pages\/102\/revisions"}],"predecessor-version":[{"id":658,"href":"https:\/\/rebberg-niederwil-cham.ch\/index.php\/wp-json\/wp\/v2\/pages\/102\/revisions\/658"}],"wp:attachment":[{"href":"https:\/\/rebberg-niederwil-cham.ch\/index.php\/wp-json\/wp\/v2\/media?parent=102"}],"curies":[{"name":"wp","href":"https:\/\/api.w.org\/{rel}","templated":true}]}}