{"id":141,"date":"2024-10-20T10:48:42","date_gmt":"2024-10-20T10:48:42","guid":{"rendered":"https:\/\/rebberg-niederwil-cham.ch\/?page_id=141"},"modified":"2024-10-21T14:19:54","modified_gmt":"2024-10-21T14:19:54","slug":"hintergrund","status":"publish","type":"page","link":"https:\/\/rebberg-niederwil-cham.ch\/index.php\/hintergrund\/","title":{"rendered":"Hintergrund"},"content":{"rendered":"\t\t<div data-elementor-type=\"wp-page\" data-elementor-id=\"141\" class=\"elementor elementor-141\">\n\t\t\t\t<div class=\"elementor-element elementor-element-ce33be4 e-flex e-con-boxed e-con e-parent\" data-id=\"ce33be4\" data-element_type=\"container\" data-e-type=\"container\">\n\t\t\t\t\t<div class=\"e-con-inner\">\n\t\t\t\t<div class=\"elementor-element elementor-element-1bb3229 elementor-widget elementor-widget-text-editor\" data-id=\"1bb3229\" data-element_type=\"widget\" data-e-type=\"widget\" data-widget_type=\"text-editor.default\">\n\t\t\t\t<div class=\"elementor-widget-container\">\n\t\t\t\t\t\t\t\t\t<p>\u201eRebg\u00e4rtli\u201c und \u201eWyhalten\u201c heissen die beiden Parzellen, auf denen wir unsere Reben bewirtschaften. Es bedeutet was so viel wie: \u201eHier wurde Wein gehalten\u201c. So wird es auf jeden Fall in alten Urkunden erw\u00e4hnt. Bei Ausgrabungen f\u00fcr eine Kiesgrube wurden diese Dokumente best\u00e4tigt, man hat n\u00e4mlich tats\u00e4chlich uralte Rebst\u00f6cke gefunden! Auf unseren 90 Aren hegen und pflegen wir rund 5000 Reben. Mit Solaris, Johanniter, Muscaris, Souvignier gris, Sauvignac und Divico sind es alles junge PIWI Sorten, die wir nach den Vorgaben von Bio Suisse bewirtschaften. Die Biodiversit\u00e4t ist uns dabei sehr wichtig und ein grosses Anliegen. So ist unser Rebberg umgeben von viel \u00d6kofl\u00e4che und einer vielf\u00e4ltigen Hecke, die eine grosse Artenvielfalt beherbergt. Die ganze Familie ist mit viel Freude und voller Elan an der Pflege des Rebbergs beteiligt. Dabei werden wir tatkr\u00e4ftig von lieben Verwandten und Freunden unterst\u00fctzt. Gekeltert werden unsere Weine von Toni Ottiger, Kastanienbaum und Baumgartner Weine in Tegerfelden. Die gute Zusammenarbeit mit den beiden Weinverarbeitern sch\u00e4tzen wir sehr.<\/p>\n<p><\/p>\t\t\t\t\t\t\t\t<\/div>\n\t\t\t\t<\/div>\n\t\t\t\t\t<\/div>\n\t\t\t\t<\/div>\n\t\t<div class=\"elementor-element elementor-element-5461a30 e-flex e-con-boxed e-con e-parent\" data-id=\"5461a30\" data-element_type=\"container\" data-e-type=\"container\">\n\t\t\t\t\t<div class=\"e-con-inner\">\n\t\t\t\t<div class=\"elementor-element elementor-element-4e7cde8 elementor-widget-divider--view-line elementor-widget elementor-widget-divider\" data-id=\"4e7cde8\" data-element_type=\"widget\" data-e-type=\"widget\" data-widget_type=\"divider.default\">\n\t\t\t\t<div class=\"elementor-widget-container\">\n\t\t\t\t\t\t\t<div class=\"elementor-divider\">\n\t\t\t<span class=\"elementor-divider-separator\">\n\t\t\t\t\t\t<\/span>\n\t\t<\/div>\n\t\t\t\t\t\t<\/div>\n\t\t\t\t<\/div>\n\t\t\t\t\t<\/div>\n\t\t\t\t<\/div>\n\t\t\t\t<\/div>\n\t\t","protected":false},"excerpt":{"rendered":"<p>\u201eRebg\u00e4rtli\u201c und \u201eWyhalten\u201c heissen die beiden Parzellen, auf denen wir unsere Reben bewirtschaften. Es bedeutet was so viel wie: \u201eHier wurde Wein gehalten\u201c. So wird&hellip;<\/p>\n","protected":false},"author":1,"featured_media":0,"parent":0,"menu_order":0,"comment_status":"closed","ping_status":"closed","template":"","meta":{"footnotes":""},"class_list":["post-141","page","type-page","status-publish","hentry"],"_links":{"self":[{"href":"https:\/\/rebberg-niederwil-cham.ch\/index.php\/wp-json\/wp\/v2\/pages\/141","targetHints":{"allow":["GET"]}}],"collection":[{"href":"https:\/\/rebberg-niederwil-cham.ch\/index.php\/wp-json\/wp\/v2\/pages"}],"about":[{"href":"https:\/\/rebberg-niederwil-cham.ch\/index.php\/wp-json\/wp\/v2\/types\/page"}],"author":[{"embeddable":true,"href":"https:\/\/rebberg-niederwil-cham.ch\/index.php\/wp-json\/wp\/v2\/users\/1"}],"replies":[{"embeddable":true,"href":"https:\/\/rebberg-niederwil-cham.ch\/index.php\/wp-json\/wp\/v2\/comments?post=141"}],"version-history":[{"count":10,"href":"https:\/\/rebberg-niederwil-cham.ch\/index.php\/wp-json\/wp\/v2\/pages\/141\/revisions"}],"predecessor-version":[{"id":326,"href":"https:\/\/rebberg-niederwil-cham.ch\/index.php\/wp-json\/wp\/v2\/pages\/141\/revisions\/326"}],"wp:attachment":[{"href":"https:\/\/rebberg-niederwil-cham.ch\/index.php\/wp-json\/wp\/v2\/media?parent=141"}],"curies":[{"name":"wp","href":"https:\/\/api.w.org\/{rel}","templated":true}]}}