{"id":519,"date":"2025-03-31T14:10:44","date_gmt":"2025-03-31T14:10:44","guid":{"rendered":"https:\/\/rebberg-niederwil-cham.ch\/?page_id=519"},"modified":"2025-07-31T16:01:07","modified_gmt":"2025-07-31T16:01:07","slug":"unsere-weine-2024","status":"publish","type":"page","link":"https:\/\/rebberg-niederwil-cham.ch\/index.php\/unsere-weine-2024\/","title":{"rendered":"unsere Weine 2024"},"content":{"rendered":"\t\t<div data-elementor-type=\"wp-page\" data-elementor-id=\"519\" class=\"elementor elementor-519\">\n\t\t\t\t<div class=\"elementor-element elementor-element-0ca3dcd e-grid e-con-boxed e-con e-parent\" data-id=\"0ca3dcd\" data-element_type=\"container\" data-e-type=\"container\">\n\t\t\t\t\t<div class=\"e-con-inner\">\n\t\t\t\t<div class=\"elementor-element elementor-element-6c3d0c1 elementor-widget elementor-widget-image\" data-id=\"6c3d0c1\" data-element_type=\"widget\" data-e-type=\"widget\" data-widget_type=\"image.default\">\n\t\t\t\t<div class=\"elementor-widget-container\">\n\t\t\t\t\t\t\t\t\t\t\t\t\t\t\t<img decoding=\"async\" src=\"https:\/\/rebberg-niederwil-cham.ch\/wp-content\/uploads\/2025\/03\/Divico_2023_1-scaled.jpg\" title=\"Divico_2023_1\" alt=\"Divico_2023_1\" loading=\"lazy\" \/>\t\t\t\t\t\t\t\t\t\t\t\t\t\t\t<\/div>\n\t\t\t\t<\/div>\n\t\t\t\t<div class=\"elementor-element elementor-element-acc3e42 elementor-widget elementor-widget-text-editor\" data-id=\"acc3e42\" data-element_type=\"widget\" data-e-type=\"widget\" data-widget_type=\"text-editor.default\">\n\t\t\t\t<div class=\"elementor-widget-container\">\n\t\t\t\t\t\t\t\t\t<p>Divico Bio 2023<\/p><p>AOC Zug, 75 cl<\/p><p>Fr. 35.-<\/p><p><strong>Leider ausverkauft!<\/strong><\/p>\t\t\t\t\t\t\t\t<\/div>\n\t\t\t\t<\/div>\n\t\t\t\t<div class=\"elementor-element elementor-element-e830c25 elementor-widget elementor-widget-image\" data-id=\"e830c25\" data-element_type=\"widget\" data-e-type=\"widget\" data-widget_type=\"image.default\">\n\t\t\t\t<div class=\"elementor-widget-container\">\n\t\t\t\t\t\t\t\t\t\t\t\t\t\t\t<img decoding=\"async\" src=\"https:\/\/rebberg-niederwil-cham.ch\/wp-content\/uploads\/2025\/03\/Divico_Rose_2024_1-scaled.jpg\" title=\"Divico_Rose_2024_1\" alt=\"Divico_Rose_2024_1\" loading=\"lazy\" \/>\t\t\t\t\t\t\t\t\t\t\t\t\t\t\t<\/div>\n\t\t\t\t<\/div>\n\t\t\t\t<div class=\"elementor-element elementor-element-5e99dbe elementor-widget elementor-widget-text-editor\" data-id=\"5e99dbe\" data-element_type=\"widget\" data-e-type=\"widget\" data-widget_type=\"text-editor.default\">\n\t\t\t\t<div class=\"elementor-widget-container\">\n\t\t\t\t\t\t\t\t\t<p>Divico Ros\u00e9 Bio 2024<\/p><p>AOC Zug, 75 cl<\/p><p>Fr. 25.-<\/p><p><strong>Leider ausverkauft!<\/strong><\/p>\t\t\t\t\t\t\t\t<\/div>\n\t\t\t\t<\/div>\n\t\t\t\t<div class=\"elementor-element elementor-element-a79e944 elementor-widget elementor-widget-image\" data-id=\"a79e944\" data-element_type=\"widget\" data-e-type=\"widget\" data-widget_type=\"image.default\">\n\t\t\t\t<div class=\"elementor-widget-container\">\n\t\t\t\t\t\t\t\t\t\t\t\t\t\t\t<img decoding=\"async\" src=\"https:\/\/rebberg-niederwil-cham.ch\/wp-content\/uploads\/2025\/03\/Muscaris_2024_1-scaled.jpg\" title=\"Muscaris_2024_1\" alt=\"Muscaris_2024_1\" loading=\"lazy\" \/>\t\t\t\t\t\t\t\t\t\t\t\t\t\t\t<\/div>\n\t\t\t\t<\/div>\n\t\t\t\t<div class=\"elementor-element elementor-element-3277bf8 elementor-widget elementor-widget-text-editor\" data-id=\"3277bf8\" data-element_type=\"widget\" data-e-type=\"widget\" data-widget_type=\"text-editor.default\">\n\t\t\t\t<div class=\"elementor-widget-container\">\n\t\t\t\t\t\t\t\t\t<p>Muscaris Bio 2024<\/p><p>AOC Zug, 75 cl<\/p><p>Fr. 25.-<\/p><p><strong>Leider ausverkauft!<\/strong><\/p>\t\t\t\t\t\t\t\t<\/div>\n\t\t\t\t<\/div>\n\t\t\t\t<div class=\"elementor-element elementor-element-b1a0838 elementor-widget elementor-widget-image\" data-id=\"b1a0838\" data-element_type=\"widget\" data-e-type=\"widget\" data-widget_type=\"image.default\">\n\t\t\t\t<div class=\"elementor-widget-container\">\n\t\t\t\t\t\t\t\t\t\t\t\t\t\t\t<img decoding=\"async\" src=\"https:\/\/rebberg-niederwil-cham.ch\/wp-content\/uploads\/2025\/03\/Solaris_2024_1-scaled.jpg\" title=\"Solaris_2024_1\" alt=\"Solaris_2024_1\" loading=\"lazy\" \/>\t\t\t\t\t\t\t\t\t\t\t\t\t\t\t<\/div>\n\t\t\t\t<\/div>\n\t\t\t\t<div class=\"elementor-element elementor-element-e8b0731 elementor-widget elementor-widget-text-editor\" data-id=\"e8b0731\" data-element_type=\"widget\" data-e-type=\"widget\" data-widget_type=\"text-editor.default\">\n\t\t\t\t<div class=\"elementor-widget-container\">\n\t\t\t\t\t\t\t\t\t<p>Solaris Bio 2024<\/p><p>AOC Zug, 75 cl<\/p><p>Fr. 25.-<\/p><p><strong>Leider ausverkauft!<\/strong><\/p>\t\t\t\t\t\t\t\t<\/div>\n\t\t\t\t<\/div>\n\t\t\t\t<div class=\"elementor-element elementor-element-a0da9ee elementor-widget elementor-widget-image\" data-id=\"a0da9ee\" data-element_type=\"widget\" data-e-type=\"widget\" data-widget_type=\"image.default\">\n\t\t\t\t<div class=\"elementor-widget-container\">\n\t\t\t\t\t\t\t\t\t\t\t\t\t\t\t<img decoding=\"async\" src=\"https:\/\/rebberg-niederwil-cham.ch\/wp-content\/uploads\/2025\/03\/Souvignier-gris_2024_1-scaled.jpg\" title=\"Souvignier gris_2024_1\" alt=\"Souvignier gris_2024_1\" loading=\"lazy\" \/>\t\t\t\t\t\t\t\t\t\t\t\t\t\t\t<\/div>\n\t\t\t\t<\/div>\n\t\t\t\t<div class=\"elementor-element elementor-element-362a06e elementor-widget elementor-widget-text-editor\" data-id=\"362a06e\" data-element_type=\"widget\" data-e-type=\"widget\" data-widget_type=\"text-editor.default\">\n\t\t\t\t<div class=\"elementor-widget-container\">\n\t\t\t\t\t\t\t\t\t<p>Souvignier gris Bio 2024<\/p><p>AOC Zug, 75 cl<\/p><p>Fr. 25.-<\/p><p><strong>Leider ausverkauft!<\/strong><\/p>\t\t\t\t\t\t\t\t<\/div>\n\t\t\t\t<\/div>\n\t\t\t\t<div class=\"elementor-element elementor-element-46678a6 elementor-widget elementor-widget-image\" data-id=\"46678a6\" data-element_type=\"widget\" data-e-type=\"widget\" data-widget_type=\"image.default\">\n\t\t\t\t<div class=\"elementor-widget-container\">\n\t\t\t\t\t\t\t\t\t\t\t\t\t\t\t<img decoding=\"async\" src=\"https:\/\/rebberg-niederwil-cham.ch\/wp-content\/uploads\/2025\/03\/Sauvignac_2024_1-scaled.jpg\" title=\"Sauvignac_2024_1\" alt=\"Sauvignac_2024_1\" loading=\"lazy\" \/>\t\t\t\t\t\t\t\t\t\t\t\t\t\t\t<\/div>\n\t\t\t\t<\/div>\n\t\t\t\t<div class=\"elementor-element elementor-element-bb9823a elementor-widget elementor-widget-text-editor\" data-id=\"bb9823a\" data-element_type=\"widget\" data-e-type=\"widget\" data-widget_type=\"text-editor.default\">\n\t\t\t\t<div class=\"elementor-widget-container\">\n\t\t\t\t\t\t\t\t\t<p>Sauvignac Bio 2024<\/p><p>AOC Zug, 75 cl<\/p><p>Fr. 25.-<\/p><p><strong>Leider ausverkauft!<\/strong><\/p>\t\t\t\t\t\t\t\t<\/div>\n\t\t\t\t<\/div>\n\t\t\t\t\t<\/div>\n\t\t\t\t<\/div>\n\t\t<div class=\"elementor-element elementor-element-52579e7 e-grid e-con-boxed e-con e-parent\" data-id=\"52579e7\" data-element_type=\"container\" data-e-type=\"container\">\n\t\t\t\t\t<div class=\"e-con-inner\">\n\t\t\t\t<div class=\"elementor-element elementor-element-b2d7720 elementor-widget elementor-widget-image\" data-id=\"b2d7720\" data-element_type=\"widget\" data-e-type=\"widget\" data-widget_type=\"image.default\">\n\t\t\t\t<div class=\"elementor-widget-container\">\n\t\t\t\t\t\t\t\t\t\t\t\t\t\t\t<img decoding=\"async\" src=\"https:\/\/rebberg-niederwil-cham.ch\/wp-content\/uploads\/2025\/03\/Johanniter_2024_75cl_1-scaled.jpg\" title=\"Johanniter_2024_75cl_1\" alt=\"Johanniter_2024_75cl_1\" loading=\"lazy\" \/>\t\t\t\t\t\t\t\t\t\t\t\t\t\t\t<\/div>\n\t\t\t\t<\/div>\n\t\t\t\t<div class=\"elementor-element elementor-element-eaa3062 elementor-widget elementor-widget-text-editor\" data-id=\"eaa3062\" data-element_type=\"widget\" data-e-type=\"widget\" data-widget_type=\"text-editor.default\">\n\t\t\t\t<div class=\"elementor-widget-container\">\n\t\t\t\t\t\t\t\t\t<p>Johanniter Bio 2024<\/p><p>AOC Zug, 75 cl<\/p><p>Fr. 25.-<\/p>\t\t\t\t\t\t\t\t<\/div>\n\t\t\t\t<\/div>\n\t\t\t\t<div class=\"elementor-element elementor-element-b030ddd elementor-widget elementor-widget-image\" data-id=\"b030ddd\" data-element_type=\"widget\" data-e-type=\"widget\" data-widget_type=\"image.default\">\n\t\t\t\t<div class=\"elementor-widget-container\">\n\t\t\t\t\t\t\t\t\t\t\t\t\t\t\t<img decoding=\"async\" src=\"https:\/\/rebberg-niederwil-cham.ch\/wp-content\/uploads\/2025\/03\/Johanniter_2024_50cl_1-scaled.jpg\" title=\"Johanniter_2024_50cl_1\" alt=\"Johanniter_2024_50cl_1\" loading=\"lazy\" \/>\t\t\t\t\t\t\t\t\t\t\t\t\t\t\t<\/div>\n\t\t\t\t<\/div>\n\t\t\t\t<div class=\"elementor-element elementor-element-8843f2c elementor-widget elementor-widget-text-editor\" data-id=\"8843f2c\" data-element_type=\"widget\" data-e-type=\"widget\" data-widget_type=\"text-editor.default\">\n\t\t\t\t<div class=\"elementor-widget-container\">\n\t\t\t\t\t\t\t\t\t<p>Johanniter Bio 2024<\/p><p>AOC Zug, 50 cl<\/p><p>Fr. 19.-<\/p>\t\t\t\t\t\t\t\t<\/div>\n\t\t\t\t<\/div>\n\t\t\t\t\t<\/div>\n\t\t\t\t<\/div>\n\t\t<div class=\"elementor-element elementor-element-aa2d0b2 e-flex e-con-boxed e-con e-parent\" data-id=\"aa2d0b2\" data-element_type=\"container\" data-e-type=\"container\">\n\t\t\t\t\t<div class=\"e-con-inner\">\n\t\t\t\t<div class=\"elementor-element elementor-element-95fac16 elementor-widget elementor-widget-text-editor\" data-id=\"95fac16\" data-element_type=\"widget\" data-e-type=\"widget\" data-widget_type=\"text-editor.default\">\n\t\t\t\t<div class=\"elementor-widget-container\">\n\t\t\t\t\t\t\t\t\t<p>Wir freuen uns auf neugierige Weintrinker und Entdecker neuer Sorten.<\/p>\t\t\t\t\t\t\t\t<\/div>\n\t\t\t\t<\/div>\n\t\t\t\t\t<\/div>\n\t\t\t\t<\/div>\n\t\t<div class=\"elementor-element elementor-element-d3592b5 e-flex e-con-boxed e-con e-parent\" data-id=\"d3592b5\" data-element_type=\"container\" data-e-type=\"container\">\n\t\t\t\t\t<div class=\"e-con-inner\">\n\t\t\t\t<div class=\"elementor-element elementor-element-377132b elementor-widget elementor-widget-text-editor\" data-id=\"377132b\" data-element_type=\"widget\" data-e-type=\"widget\" data-widget_type=\"text-editor.default\">\n\t\t\t\t<div class=\"elementor-widget-container\">\n\t\t\t\t\t\t\t\t\t<p>Ein grosser Teil der Ernte 2024 ist leider bereits ausverkauft.<\/p><p><span style=\"color: #ff0000;\"><strong>Ab sofort ist es m\u00f6glich, via Mail eine Vorreservation f\u00fcr den Jahrgang 2025 zu t\u00e4tigen.<\/strong><\/span><\/p>\t\t\t\t\t\t\t\t<\/div>\n\t\t\t\t<\/div>\n\t\t\t\t\t<\/div>\n\t\t\t\t<\/div>\n\t\t<div class=\"elementor-element elementor-element-3817e7d e-grid e-con-boxed e-con e-parent\" data-id=\"3817e7d\" data-element_type=\"container\" data-e-type=\"container\">\n\t\t\t\t\t<div class=\"e-con-inner\">\n\t\t\t\t<div class=\"elementor-element elementor-element-d9426e3 elementor-view-default elementor-widget elementor-widget-icon\" data-id=\"d9426e3\" data-element_type=\"widget\" data-e-type=\"widget\" data-widget_type=\"icon.default\">\n\t\t\t\t<div class=\"elementor-widget-container\">\n\t\t\t\t\t\t\t<div class=\"elementor-icon-wrapper\">\n\t\t\t<a class=\"elementor-icon\" href=\"mailto:roman.fuchs@datazug.ch\">\n\t\t\t<svg aria-hidden=\"true\" class=\"e-font-icon-svg e-fas-mail-bulk\" viewBox=\"0 0 576 512\" xmlns=\"http:\/\/www.w3.org\/2000\/svg\"><path d=\"M160 448c-25.6 0-51.2-22.4-64-32-64-44.8-83.2-60.8-96-70.4V480c0 17.67 14.33 32 32 32h256c17.67 0 32-14.33 32-32V345.6c-12.8 9.6-32 25.6-96 70.4-12.8 9.6-38.4 32-64 32zm128-192H32c-17.67 0-32 14.33-32 32v16c25.6 19.2 22.4 19.2 115.2 86.4 9.6 6.4 28.8 25.6 44.8 25.6s35.2-19.2 44.8-22.4c92.8-67.2 89.6-67.2 115.2-86.4V288c0-17.67-14.33-32-32-32zm256-96H224c-17.67 0-32 14.33-32 32v32h96c33.21 0 60.59 25.42 63.71 57.82l.29-.22V416h192c17.67 0 32-14.33 32-32V192c0-17.67-14.33-32-32-32zm-32 128h-64v-64h64v64zm-352-96c0-35.29 28.71-64 64-64h224V32c0-17.67-14.33-32-32-32H96C78.33 0 64 14.33 64 32v192h96v-32z\"><\/path><\/svg>\t\t\t<\/a>\n\t\t<\/div>\n\t\t\t\t\t\t<\/div>\n\t\t\t\t<\/div>\n\t\t\t\t<div class=\"elementor-element elementor-element-6234029 elementor-widget elementor-widget-text-editor\" data-id=\"6234029\" data-element_type=\"widget\" data-e-type=\"widget\" data-widget_type=\"text-editor.default\">\n\t\t\t\t<div class=\"elementor-widget-container\">\n\t\t\t\t\t\t\t\t\t<p>F\u00fcr Bestellungen schicken Sie\u00a0<\/p><p>uns bitte ein Mail.<\/p>\t\t\t\t\t\t\t\t<\/div>\n\t\t\t\t<\/div>\n\t\t\t\t\t<\/div>\n\t\t\t\t<\/div>\n\t\t<div class=\"elementor-element elementor-element-258d4cc e-flex e-con-boxed e-con e-parent\" data-id=\"258d4cc\" data-element_type=\"container\" data-e-type=\"container\">\n\t\t\t\t\t<div class=\"e-con-inner\">\n\t\t\t\t<div class=\"elementor-element elementor-element-039602e elementor-widget-divider--view-line elementor-widget elementor-widget-divider\" data-id=\"039602e\" data-element_type=\"widget\" data-e-type=\"widget\" data-widget_type=\"divider.default\">\n\t\t\t\t<div class=\"elementor-widget-container\">\n\t\t\t\t\t\t\t<div class=\"elementor-divider\">\n\t\t\t<span class=\"elementor-divider-separator\">\n\t\t\t\t\t\t<\/span>\n\t\t<\/div>\n\t\t\t\t\t\t<\/div>\n\t\t\t\t<\/div>\n\t\t\t\t\t<\/div>\n\t\t\t\t<\/div>\n\t\t\t\t<\/div>\n\t\t","protected":false},"excerpt":{"rendered":"<p>Divico Bio 2023 AOC Zug, 75 cl Fr. 35.- Leider ausverkauft! Divico Ros\u00e9 Bio 2024 AOC Zug, 75 cl Fr. 25.- Leider ausverkauft! Muscaris Bio&hellip;<\/p>\n","protected":false},"author":1,"featured_media":0,"parent":0,"menu_order":0,"comment_status":"closed","ping_status":"closed","template":"","meta":{"footnotes":""},"class_list":["post-519","page","type-page","status-publish","hentry"],"_links":{"self":[{"href":"https:\/\/rebberg-niederwil-cham.ch\/index.php\/wp-json\/wp\/v2\/pages\/519","targetHints":{"allow":["GET"]}}],"collection":[{"href":"https:\/\/rebberg-niederwil-cham.ch\/index.php\/wp-json\/wp\/v2\/pages"}],"about":[{"href":"https:\/\/rebberg-niederwil-cham.ch\/index.php\/wp-json\/wp\/v2\/types\/page"}],"author":[{"embeddable":true,"href":"https:\/\/rebberg-niederwil-cham.ch\/index.php\/wp-json\/wp\/v2\/users\/1"}],"replies":[{"embeddable":true,"href":"https:\/\/rebberg-niederwil-cham.ch\/index.php\/wp-json\/wp\/v2\/comments?post=519"}],"version-history":[{"count":90,"href":"https:\/\/rebberg-niederwil-cham.ch\/index.php\/wp-json\/wp\/v2\/pages\/519\/revisions"}],"predecessor-version":[{"id":642,"href":"https:\/\/rebberg-niederwil-cham.ch\/index.php\/wp-json\/wp\/v2\/pages\/519\/revisions\/642"}],"wp:attachment":[{"href":"https:\/\/rebberg-niederwil-cham.ch\/index.php\/wp-json\/wp\/v2\/media?parent=519"}],"curies":[{"name":"wp","href":"https:\/\/api.w.org\/{rel}","templated":true}]}}